{"id":107,"date":"2017-06-09T21:10:58","date_gmt":"2017-06-09T21:10:58","guid":{"rendered":"http:\/\/claphico.fr\/?page_id=107"},"modified":"2021-03-10T14:26:01","modified_gmt":"2021-03-10T14:26:01","slug":"entreprise","status":"publish","type":"page","link":"http:\/\/claphico.fr\/?page_id=107","title":{"rendered":"Entreprise"},"content":{"rendered":"<p>Claphico est une entreprise individuelle sp\u00e9cialis\u00e9e sur les technologies Microsoft.<\/p>\n<p>A ce titre les principaux domaines d&rsquo;intervention de claphico sont les suivants&#8230;<\/p>\n<ul>\n<li>Assistance \u00e0 ma\u00eetrise d&rsquo;ouvrage<\/li>\n<li>Conduite de projet<\/li>\n<li>D\u00e9veloppement .NET\/C#<\/li>\n<\/ul>\n<p>Claphico est partenaire r\u00e9f\u00e9renc\u00e9 de Microsoft.<\/p>\n<table>\n<tbody>\n<tr>\n<td><img loading=\"lazy\" decoding=\"async\" class=\"wp-image-79\" src=\"http:\/\/claphico.fr\/wordpress\/wp-content\/uploads\/2017\/05\/MCP-RGB.jpg\" alt=\"Logo MCP\" width=\"110\" height=\"50\" \/><\/td>\n<td><img loading=\"lazy\" decoding=\"async\" class=\"wp-image-80\" src=\"http:\/\/claphico.fr\/wordpress\/wp-content\/uploads\/2017\/05\/MCSA-RGB.jpg\" alt=\"Logo MCSA\" width=\"106\" height=\"50\" \/><\/td>\n<td><img loading=\"lazy\" decoding=\"async\" class=\"wp-image-81\" src=\"http:\/\/claphico.fr\/wordpress\/wp-content\/uploads\/2017\/05\/MCSE-RGB.jpg\" alt=\"Logo MCSE\" width=\"106\" height=\"50\" \/><\/td>\n<\/tr>\n<\/tbody>\n<\/table>\n","protected":false},"excerpt":{"rendered":"<p>Claphico est une entreprise individuelle sp\u00e9cialis\u00e9e sur les technologies Microsoft. A ce titre les principaux domaines d&rsquo;intervention de claphico sont les suivants&#8230; Assistance \u00e0 ma\u00eetrise d&rsquo;ouvrage Conduite de projet D\u00e9veloppement .NET\/C# Claphico est partenaire r\u00e9f\u00e9renc\u00e9 de Microsoft.<\/p>\n","protected":false},"author":1,"featured_media":0,"parent":0,"menu_order":0,"comment_status":"closed","ping_status":"closed","template":"","meta":{"footnotes":""},"class_list":["post-107","page","type-page","status-publish","hentry"],"_links":{"self":[{"href":"http:\/\/claphico.fr\/index.php?rest_route=\/wp\/v2\/pages\/107","targetHints":{"allow":["GET"]}}],"collection":[{"href":"http:\/\/claphico.fr\/index.php?rest_route=\/wp\/v2\/pages"}],"about":[{"href":"http:\/\/claphico.fr\/index.php?rest_route=\/wp\/v2\/types\/page"}],"author":[{"embeddable":true,"href":"http:\/\/claphico.fr\/index.php?rest_route=\/wp\/v2\/users\/1"}],"replies":[{"embeddable":true,"href":"http:\/\/claphico.fr\/index.php?rest_route=%2Fwp%2Fv2%2Fcomments&post=107"}],"version-history":[{"count":2,"href":"http:\/\/claphico.fr\/index.php?rest_route=\/wp\/v2\/pages\/107\/revisions"}],"predecessor-version":[{"id":153,"href":"http:\/\/claphico.fr\/index.php?rest_route=\/wp\/v2\/pages\/107\/revisions\/153"}],"wp:attachment":[{"href":"http:\/\/claphico.fr\/index.php?rest_route=%2Fwp%2Fv2%2Fmedia&parent=107"}],"curies":[{"name":"wp","href":"https:\/\/api.w.org\/{rel}","templated":true}]}}